{"id":22307,"date":"2025-09-15T23:30:05","date_gmt":"2025-09-15T23:30:05","guid":{"rendered":"https:\/\/www.umpquahealth.com\/clinic\/acerca-de\/politica-de-no-discriminacion\/"},"modified":"2025-10-23T20:03:12","modified_gmt":"2025-10-23T20:03:12","slug":"politica-de-no-discriminacion","status":"publish","type":"page","link":"https:\/\/www.umpquahealthclinic.com\/es\/acerca-de\/politica-de-no-discriminacion\/","title":{"rendered":"Pol\u00edtica de no discriminaci\u00f3n"},"content":{"rendered":"\n<div class=\"wp-block-greenshift-blocks-container gspb_container gspb_container-gsbp-4d3da8d\" id=\"gspb_container-id-gsbp-4d3da8d\">\n<div class=\"wp-block-greenshift-blocks-image gspb_image gspb_image-id-gsbp-d89f911\" id=\"gspb_image-id-gsbp-d89f911\"><img decoding=\"async\" src=\"https:\/\/www.umpquahealthclinic.com\/wp-content\/uploads\/sites\/3\/2025\/05\/AdobeStock_306736708_r-1536x1025.jpg\" data-src=\"\" alt=\"\" loading=\"lazy\" width=\"364\" height=\"600\"><div><svg xmlns=\"http:\/\/www.w3.org\/2000\/svg\" width=\"364\" height=\"600\" viewbox=\"0 0 364 600\" fill=\"none\"><clippath id=\"clipgsbp-d89f911\">\n<path fill-rule=\"evenodd\" clip-rule=\"evenodd\" d=\"M0 0C121.333 0 242.667 0 364 0C364 200 364 400 364 600C256.973 600 149.946 600 42.9194 600C36.161 531.672 42.5896 464.643 62.206 398.913C68.5879 379.941 75.2882 361.1 82.3075 342.391C88.226 325.532 92.9346 308.322 96.4328 290.761C99.5986 269.06 98.1496 247.683 92.0866 226.63C85.9393 208.901 78.3333 191.872 69.2687 175.543C55.999 153.756 42.9602 131.836 30.1522 109.783C23.4438 97.0793 17.4678 84.0359 12.2239 70.6522C6.18958 53.0249 2.38659 34.909 0.814925 16.3043C0.277672 10.8817 0.00603045 5.44696 0 0Z\" fill=\"black\"\/>\n<\/clippath><\/svg><\/div><\/div>\n\n\n\n<div class=\"wp-block-greenshift-blocks-container gspb_container gspb_container-gsbp-3661e86\" id=\"gspb_container-id-gsbp-3661e86\">\n<div class=\"wp-block-stackable-subtitle stk-block-subtitle stk-block stk-fa22eb8\" id=\"strong-looking-for-care-find-a-provider-strong\" data-block-id=\"fa22eb8\"><style>.stk-fa22eb8 {margin-bottom:21px !important;}.stk-fa22eb8 .stk-block-subtitle__text{font-size:20px !important;color:var(--theme-palette-color-5, #005B7B) !important;line-height:22px !important;font-weight:700 !important;font-family:\"Figtree\", Sans-serif !important;letter-spacing:0.75px !important;}@media screen and (max-width:999px){.stk-fa22eb8 .stk-block-subtitle__text{font-size:20px !important;}}<\/style><p class=\"stk-block-subtitle__text stk-subtitle has-text-color has-text-align-center\"><strong>CL\u00cdNICA NEWTON CREEK<\/strong><\/p><\/div>\n\n\n\n<div class=\"wp-block-stackable-heading stk-block-heading stk-block-heading--v2 stk-block stk-8b0ceb4\" id=\"non-discrimination-policy\" data-block-id=\"8b0ceb4\"><style>.stk-8b0ceb4 {margin-bottom:40px !important;}.stk-8b0ceb4 .stk-block-heading__text{font-size:64px !important;color:var(--theme-palette-color-5, #005B7B) !important;line-height:71px !important;}@media screen and (max-width:999px){.stk-8b0ceb4 .stk-block-heading__text{font-size:64px !important;line-height:1.25em !important;}}@media screen and (max-width:689px){.stk-8b0ceb4 .stk-block-heading__text{font-size:35px !important;line-height:1.25em !important;}}<\/style><h1 class=\"stk-block-heading__text has-text-color has-palette-color-8-color has-text-align-center\">Pol\u00edtica de no discriminaci\u00f3n<\/h1><\/div>\n<\/div>\n\n\n\n<div class=\"wp-block-stackable-image stk-block-image has-text-align-left stk-block stk-4820351\" id=\"strong-looking-for-care-find-a-provider-strong\" data-block-id=\"4820351\"><style>.stk-4820351 {padding-top:0px !important;padding-right:0px !important;padding-bottom:0px !important;padding-left:0px !important;margin-top:0px !important;margin-right:0px !important;margin-bottom:0px !important;margin-left:0px !important;bottom:0px !important;left:0px !important;position:absolute !important;}.stk-4820351 .stk-img-wrapper{width:360px !important;}<\/style><figure><span class=\"stk-img-wrapper stk-image--shape-stretch\"><img loading=\"lazy\" decoding=\"async\" class=\"stk-img wp-image-14250\" src=\"https:\/\/www.umpquahealthclinic.com\/wp-content\/uploads\/sites\/3\/2025\/09\/left-wave.png\" width=\"1608\" height=\"1212\" srcset=\"https:\/\/www.umpquahealthclinic.com\/wp-content\/uploads\/sites\/3\/2025\/09\/left-wave.png 1608w, https:\/\/www.umpquahealthclinic.com\/wp-content\/uploads\/sites\/3\/2025\/09\/left-wave-300x226.png 300w, https:\/\/www.umpquahealthclinic.com\/wp-content\/uploads\/sites\/3\/2025\/09\/left-wave-1024x772.png 1024w, https:\/\/www.umpquahealthclinic.com\/wp-content\/uploads\/sites\/3\/2025\/09\/left-wave-768x579.png 768w, https:\/\/www.umpquahealthclinic.com\/wp-content\/uploads\/sites\/3\/2025\/09\/left-wave-1536x1158.png 1536w\" sizes=\"auto, (max-width: 1608px) 100vw, 1608px\" \/><\/span><\/figure><\/div>\n<\/div>\n\n<div class=\"wp-block-stackable-columns stk-block-columns stk-block stk-b4cd079\" data-block-id=\"b4cd079\"><div class=\"stk-row stk-inner-blocks stk-block-content stk-content-align stk-b4cd079-column\">\n<div class=\"wp-block-stackable-column stk-block-column stk-column stk-block stk-31004a8\" data-v=\"4\" data-block-id=\"31004a8\"><style>.stk-31004a8-container{margin-top:0px !important;margin-right:74px !important;margin-bottom:0px !important;margin-left:74px !important;}.stk-31004a8 {align-self:center !important;}<\/style><div class=\"stk-column-wrapper stk-block-column__content stk-container stk-31004a8-container stk--no-background stk--no-padding\"><div class=\"stk-block-content stk-inner-blocks stk-31004a8-inner-blocks\">\n<p style=\"margin-top:15px;margin-right:0px;margin-bottom:15px;margin-left:0px\">Umpqua Health &#8211; Newton Creek (UHNC) cumple las leyes federales de derechos civiles aplicables y no discrimina por raz\u00f3n de:<\/p>\n\n\n\n<ul class=\"wp-block-list\">\n<li>Carrera<\/li>\n\n\n\n<li>Color<\/li>\n\n\n\n<li>Origen nacional<\/li>\n\n\n\n<li>Edad<\/li>\n\n\n\n<li>Discapacidad<\/li>\n\n\n\n<li>Sexo<\/li>\n<\/ul>\n\n\n\n<p>UHNC no excluye a las personas ni las trata de forma diferente por:<\/p>\n\n\n\n<ul class=\"wp-block-list\">\n<li>Edad<\/li>\n\n\n\n<li>Discapacidad<\/li>\n\n\n\n<li>Identidad de g\u00e9nero<\/li>\n\n\n\n<li>Estado civil<\/li>\n\n\n\n<li>Origen nacional<\/li>\n\n\n\n<li>Carrera<\/li>\n\n\n\n<li>Religi\u00f3n<\/li>\n\n\n\n<li>Color<\/li>\n\n\n\n<li>Sexo<\/li>\n\n\n\n<li>Orientaci\u00f3n sexual<\/li>\n<\/ul>\n\n\n\n<p>Presentar una denuncia en la l\u00ednea directa de cumplimiento:<\/p>\n\n\n\n<hr class=\"wp-block-separator has-alpha-channel-opacity\"\/>\n\n\n\n<div class=\"wp-block-stackable-columns stk-block-columns stk-block stk-aabf487\" data-block-id=\"aabf487\"><style>.stk-aabf487 {margin-bottom:24px !important;}.stk-aabf487-column{--stk-columns-spacing:0px !important;--stk-column-gap:28px !important;justify-content:flex-start !important;}<\/style><div class=\"stk-row stk-inner-blocks stk-block-content stk-content-align stk-aabf487-column stk--flex\">\n<div class=\"wp-block-stackable-column stk-block-column stk-column stk-block stk-01347ef\" data-v=\"4\" data-block-id=\"01347ef\"><style>.stk-01347ef {margin-bottom:24px !important;}<\/style><div class=\"stk-column-wrapper stk-block-column__content stk-container stk-01347ef-container stk--no-background stk--no-padding\"><div class=\"stk-block-content stk-inner-blocks stk-01347ef-inner-blocks\">\n<div class=\"gspb_button_wrapper gspb_button-id-gsbp-e715883\" id=\"gspb_button-id-gsbp-e715883\"><a class=\"wp-block-greenshift-blocks-buttonbox gspb-buttonbox wp-element-button make-report\" href=\"https:\/\/secure.ethicspoint.com\/domain\/en\/report_company.asp?clientid=50894&amp;override=yes&amp;agreement=no\" rel=\"noopener\"><span class=\"gspb-buttonbox-textwrap\"><span class=\"gspb-buttonbox-text\"><span class=\"gspb-buttonbox-title\">Haz un informe<\/span><\/span><\/span><\/a><\/div>\n<\/div><\/div><\/div>\n\n\n\n<div class=\"wp-block-stackable-column stk-block-column stk-column stk-block stk-1747945\" data-v=\"4\" data-block-id=\"1747945\"><style>.stk-1747945 {margin-bottom:24px !important;}<\/style><div class=\"stk-column-wrapper stk-block-column__content stk-container stk-1747945-container stk--no-background stk--no-padding\"><div class=\"stk-block-content stk-inner-blocks stk-1747945-inner-blocks\">\n<div class=\"gspb_button_wrapper gspb_button-id-gsbp-c649ea5\" id=\"gspb_button-id-gsbp-c649ea5\"><a class=\"wp-block-greenshift-blocks-buttonbox gspb-buttonbox wp-element-button call-to-report\" href=\"tel:844-348-4702\" target=\"_blank\" rel=\"noopener\"><span class=\"gspb-buttonbox-textwrap\"><span class=\"gspb-buttonbox-text\"><span class=\"gspb-buttonbox-title\">Llama al (844) 348-4702<\/span><\/span><span class=\"gspb-buttonbox-icon\"><svg xmlns=\"https:\/\/www.w3.org\/2000\/svg\" style=\"width:5rem;height:5rem;margin:10px\" width=\"20\" height=\"20\" viewbox=\"0 0 20 20\" fill=\"none\"><path d=\"M18.8169 10.4422L13.1919 16.0672C13.0747 16.1845 12.9156 16.2504 12.7498 16.2504C12.5839 16.2504 12.4248 16.1845 12.3076 16.0672C12.1903 15.9499 12.1244 15.7909 12.1244 15.625C12.1244 15.4592 12.1903 15.3001 12.3076 15.1828L16.8662 10.625H1.62476C1.459 10.625 1.30002 10.5592 1.18281 10.442C1.0656 10.3247 0.999756 10.1658 0.999756 10C0.999756 9.83425 1.0656 9.67528 1.18281 9.55807C1.30002 9.44086 1.459 9.37501 1.62476 9.37501H16.8662L12.3076 4.8172C12.1903 4.69992 12.1244 4.54086 12.1244 4.37501C12.1244 4.20916 12.1903 4.0501 12.3076 3.93282C12.4248 3.81555 12.5839 3.74966 12.7498 3.74966C12.9156 3.74966 13.0747 3.81555 13.1919 3.93282L18.8169 9.55782C18.8751 9.61587 18.9212 9.6848 18.9526 9.76067C18.9841 9.83655 19.0002 9.91788 19.0002 10C19.0002 10.0821 18.9841 10.1635 18.9526 10.2393C18.9212 10.3152 18.8751 10.3842 18.8169 10.4422Z\" fill=\"#063A4C\"><\/path><\/svg><\/span><\/span><\/a><\/div>\n<\/div><\/div><\/div>\n<\/div><\/div>\n\n\n\n<p>Umpqua Health proh\u00edbe cualquier tipo de represalia contra cualquier persona o entidad que denuncie o colabore en la investigaci\u00f3n de cualquier sospecha o posible mala conducta.<\/p>\n<\/div><\/div><\/div>\n<\/div><\/div>\n","protected":false},"excerpt":{"rendered":"<p>Umpqua Health &#8211; Newton Creek (UHNC) cumple las leyes federales de derechos civiles aplicables y no discrimina por raz\u00f3n de: UHNC no excluye a las personas ni las trata de forma diferente por: Presentar una denuncia en la l\u00ednea directa de cumplimiento: Umpqua Health proh\u00edbe cualquier tipo de represalia contra cualquier persona o entidad que [&hellip;]<\/p>\n","protected":false},"author":1,"featured_media":0,"parent":22299,"menu_order":0,"comment_status":"closed","ping_status":"closed","template":"","meta":{"_acf_changed":false,"_gspb_post_css":".gspb_container-id-gsbp-3661e86,.gspb_container-id-gsbp-4d3da8d{flex-direction:column;box-sizing:border-box}#gspb_container-id-gsbp-3661e86.gspb_container>p:last-of-type,#gspb_container-id-gsbp-4d3da8d.gspb_container>p:last-of-type{margin-bottom:0}#gspb_container-id-gsbp-4d3da8d.gspb_container{position:relative;display:flex;flex-direction:column;justify-content:center;align-items:center;margin-bottom:68px;border-top-style:solid;border-top-width:1px;border-top-color:var(--wp--preset--color--palette-color-3, var(--theme-palette-color-3, #90C5D0));background-color:var(--wp--preset--color--palette-color-2, var(--theme-palette-color-2, #DBEFF6));width:100%;max-width:100%;height:600px;max-height:600px}body.gspb-bodyfront #gspb_container-id-gsbp-4d3da8d.gspb_container{position:relative;z-index:1}#gspb_container-id-gsbp-3661e86.gspb_container{position:relative}body.gspb-bodyfront #gspb_container-id-gsbp-3661e86.gspb_container{z-index:4;max-width:740px}#gspb_button-id-gsbp-c649ea5,#gspb_button-id-gsbp-e715883{display:flex;justify-content:flex-start}#gspb_button-id-gsbp-e715883 .gspb-buttonbox-text{display:flex;flex-direction:column}#gspb_button-id-gsbp-e715883>.gspb-buttonbox{box-sizing:border-box;padding:12px 33px;background-color:#00000000;text-transform:uppercase;font-size:14px;line-height:22px;font-weight:700!important;color:var(--wp--preset--color--palette-color-13, var(--theme-palette-color-13, #30822C));border-style:solid;border-width:2px;border-color:var(--wp--preset--color--palette-color-13, var(--theme-palette-color-13, #30822C))}#gspb_button-id-gsbp-e715883>.gspb-buttonbox:hover{background-color:var(--wp--preset--color--palette-color-13, var(--theme-palette-color-13, #30822C))!important;color:var(--wp--preset--color--palette-color-8, var(--theme-palette-color-8, #FFFFFF))}#gspb_button-id-gsbp-e715883>.gspb-buttonbox,#gspb_button-id-gsbp-e715883>.gspb-buttonbox>.gspb_backgroundOverlay{border-top-left-radius:0;border-top-right-radius:0;border-bottom-right-radius:0;border-bottom-left-radius:0}#gspb_button-id-gsbp-c649ea5 .gspb-buttonbox-text{display:flex;flex-direction:column}#gspb_button-id-gsbp-c649ea5>.gspb-buttonbox{box-sizing:border-box}#gspb_button-id-gsbp-c649ea5>.gspb-buttonbox>.gspb-buttonbox-textwrap>.gspb-buttonbox-icon{display:flex}#gspb_button-id-gsbp-c649ea5>.gspb-buttonbox .gspb-buttonbox-icon svg{height:20px!important;width:20px!important;min-width:20px!important;margin:0!important}#gspb_button-id-gsbp-c649ea5>.gspb-buttonbox .gspb-buttonbox-icon svg,#gspb_button-id-gsbp-c649ea5>.gspb-buttonbox .gspb-buttonbox-icon svg path{fill:var(--wp--preset--color--palette-color-5, var(--theme-palette-color-5, #005B7B))!important}#gspb_button-id-gsbp-c649ea5>.gspb-buttonbox:hover .gspb-buttonbox-icon svg,#gspb_button-id-gsbp-c649ea5>.gspb-buttonbox:hover .gspb-buttonbox-icon svg path{fill:var(--theme-link-initial-color, currentColor)!important}#gspb_button-id-gsbp-c649ea5>.gspb-buttonbox>.gspb-buttonbox-textwrap{display:flex;flex-direction:row;align-items:center}#gspb_button-id-gsbp-c649ea5 .gspb-buttonbox-icon{margin-left:13px}#gspb_button-id-gsbp-c649ea5>.gspb-buttonbox .gspb-buttonbox-icon{margin-left:6px}#gspb_button-id-gsbp-c649ea5>.gspb-buttonbox{background-color:#ffffff00;font-weight:700!important;color:var(--wp--preset--color--palette-color-5, var(--theme-palette-color-5, #005B7B))}#gspb_button-id-gsbp-c649ea5>.gspb-buttonbox:hover{color:var(--wp--preset--color--palette-color-13, var(--theme-palette-color-13, #30822C))}#gspb_image-id-gsbp-d89f911 img{object-fit:cover;object-position:60% 48%;vertical-align:top;display:inline-block;box-sizing:border-box;max-width:100%;width:364px;clip-path:url(#clipgsbp-d89f911)}@media (max-width:575.98px){body #gspb_image-id-gsbp-d89f911{display:none!important}}@media (min-width:768px) and (max-width:991.98px){body #gspb_image-id-gsbp-d89f911{display:none!important}}body.gspb-bodyfront #gspb_image-id-gsbp-d89f911{position:absolute;top:0;right:0;bottom:0}#gspb_image-id-gsbp-d89f911 svg clipPath{transition:all .5s cubic-bezier(.42,0,.58,1);transform:translateX(0)}#gspb_image-id-gsbp-d89f911 div:has(>svg),#gspb_image-id-gsbp-d89f911 svg{width:0;height:0}#gspb_image-id-gsbp-d89f911,#gspb_image-id-gsbp-d89f911 img{height:600px}","footnotes":""},"class_list":["post-22307","page","type-page","status-publish","hentry"],"blocksy_meta":[],"acf":[],"yoast_head":"<!-- This site is optimized with the Yoast SEO plugin v27.2 - https:\/\/yoast.com\/product\/yoast-seo-wordpress\/ -->\n<title>Pol\u00edtica de no discriminaci\u00f3n - Umpqua Health Clinic<\/title>\n<meta name=\"robots\" content=\"index, follow, max-snippet:-1, max-image-preview:large, max-video-preview:-1\" \/>\n<link rel=\"canonical\" href=\"https:\/\/www.umpquahealthclinic.com\/es\/acerca-de\/politica-de-no-discriminacion\/\" \/>\n<meta property=\"og:locale\" content=\"es_ES\" \/>\n<meta property=\"og:type\" content=\"article\" \/>\n<meta property=\"og:title\" content=\"Pol\u00edtica de no discriminaci\u00f3n - Umpqua Health Clinic\" \/>\n<meta property=\"og:description\" content=\"Umpqua Health &#8211; Newton Creek (UHNC) cumple las leyes federales de derechos civiles aplicables y no discrimina por raz\u00f3n de: UHNC no excluye a las personas ni las trata de forma diferente por: Presentar una denuncia en la l\u00ednea directa de cumplimiento: Umpqua Health proh\u00edbe cualquier tipo de represalia contra cualquier persona o entidad que [&hellip;]\" \/>\n<meta property=\"og:url\" content=\"https:\/\/www.umpquahealthclinic.com\/es\/acerca-de\/politica-de-no-discriminacion\/\" \/>\n<meta property=\"og:site_name\" content=\"Umpqua Health Clinic\" \/>\n<meta property=\"article:publisher\" content=\"https:\/\/www.facebook.com\/UmpquaHealth\/\" \/>\n<meta property=\"article:modified_time\" content=\"2025-10-23T20:03:12+00:00\" \/>\n<meta property=\"og:image\" content=\"https:\/\/www.umpquahealthclinic.com\/wp-content\/uploads\/sites\/3\/2025\/05\/AdobeStock_306736708_r-1536x1025.jpg\" \/>\n<meta name=\"twitter:card\" content=\"summary_large_image\" \/>\n<meta name=\"twitter:label1\" content=\"Est. reading time\" \/>\n\t<meta name=\"twitter:data1\" content=\"1 minute\" \/>\n<script type=\"application\/ld+json\" class=\"yoast-schema-graph\">{\"@context\":\"https:\/\/schema.org\",\"@graph\":[{\"@type\":\"WebPage\",\"@id\":\"https:\/\/www.umpquahealthclinic.com\/es\/acerca-de\/politica-de-no-discriminacion\/\",\"url\":\"https:\/\/www.umpquahealthclinic.com\/es\/acerca-de\/politica-de-no-discriminacion\/\",\"name\":\"Pol\u00edtica de no discriminaci\u00f3n - Umpqua Health Clinic\",\"isPartOf\":{\"@id\":\"https:\/\/www.umpquahealthclinic.com\/es\/#website\"},\"primaryImageOfPage\":{\"@id\":\"https:\/\/www.umpquahealthclinic.com\/es\/acerca-de\/politica-de-no-discriminacion\/#primaryimage\"},\"image\":{\"@id\":\"https:\/\/www.umpquahealthclinic.com\/es\/acerca-de\/politica-de-no-discriminacion\/#primaryimage\"},\"thumbnailUrl\":\"https:\/\/www.umpquahealthclinic.com\/wp-content\/uploads\/sites\/3\/2025\/05\/AdobeStock_306736708_r-1536x1025.jpg\",\"datePublished\":\"2025-09-15T23:30:05+00:00\",\"dateModified\":\"2025-10-23T20:03:12+00:00\",\"breadcrumb\":{\"@id\":\"https:\/\/www.umpquahealthclinic.com\/es\/acerca-de\/politica-de-no-discriminacion\/#breadcrumb\"},\"inLanguage\":\"es-ES\",\"potentialAction\":[{\"@type\":\"ReadAction\",\"target\":[\"https:\/\/www.umpquahealthclinic.com\/es\/acerca-de\/politica-de-no-discriminacion\/\"]}]},{\"@type\":\"ImageObject\",\"inLanguage\":\"es-ES\",\"@id\":\"https:\/\/www.umpquahealthclinic.com\/es\/acerca-de\/politica-de-no-discriminacion\/#primaryimage\",\"url\":\"https:\/\/www.umpquahealthclinic.com\/wp-content\/uploads\/sites\/3\/2025\/05\/AdobeStock_306736708_r-1536x1025.jpg\",\"contentUrl\":\"https:\/\/www.umpquahealthclinic.com\/wp-content\/uploads\/sites\/3\/2025\/05\/AdobeStock_306736708_r-1536x1025.jpg\"},{\"@type\":\"BreadcrumbList\",\"@id\":\"https:\/\/www.umpquahealthclinic.com\/es\/acerca-de\/politica-de-no-discriminacion\/#breadcrumb\",\"itemListElement\":[{\"@type\":\"ListItem\",\"position\":1,\"name\":\"Home\",\"item\":\"https:\/\/www.umpquahealthclinic.com\/es\/\"},{\"@type\":\"ListItem\",\"position\":2,\"name\":\"Acerca de\",\"item\":\"https:\/\/www.umpquahealthclinic.com\/es\/acerca-de\/\"},{\"@type\":\"ListItem\",\"position\":3,\"name\":\"Pol\u00edtica de no discriminaci\u00f3n\"}]},{\"@type\":\"WebSite\",\"@id\":\"https:\/\/www.umpquahealthclinic.com\/es\/#website\",\"url\":\"https:\/\/www.umpquahealthclinic.com\/es\/\",\"name\":\"Umpqua Health\",\"description\":\"\",\"publisher\":{\"@id\":\"https:\/\/www.umpquahealthclinic.com\/es\/#organization\"},\"alternateName\":\"UHA\",\"potentialAction\":[{\"@type\":\"SearchAction\",\"target\":{\"@type\":\"EntryPoint\",\"urlTemplate\":\"https:\/\/www.umpquahealthclinic.com\/es\/?s={search_term_string}\"},\"query-input\":{\"@type\":\"PropertyValueSpecification\",\"valueRequired\":true,\"valueName\":\"search_term_string\"}}],\"inLanguage\":\"es-ES\"},{\"@type\":\"Organization\",\"@id\":\"https:\/\/www.umpquahealthclinic.com\/es\/#organization\",\"name\":\"Umpqua Health Alliance\",\"alternateName\":\"UHA\",\"url\":\"https:\/\/www.umpquahealthclinic.com\/es\/\",\"logo\":{\"@type\":\"ImageObject\",\"inLanguage\":\"es-ES\",\"@id\":\"https:\/\/www.umpquahealthclinic.com\/es\/#\/schema\/logo\/image\/\",\"url\":\"https:\/\/www.umpquahealthclinic.com\/wp-content\/uploads\/sites\/3\/2025\/01\/umpqua-health-logo-color.svg\",\"contentUrl\":\"https:\/\/www.umpquahealthclinic.com\/wp-content\/uploads\/sites\/3\/2025\/01\/umpqua-health-logo-color.svg\",\"width\":200,\"height\":54,\"caption\":\"Umpqua Health Alliance\"},\"image\":{\"@id\":\"https:\/\/www.umpquahealthclinic.com\/es\/#\/schema\/logo\/image\/\"},\"sameAs\":[\"https:\/\/www.facebook.com\/UmpquaHealth\/\",\"https:\/\/www.linkedin.com\/company\/umpqua-health\/\"]}]}<\/script>\n<!-- \/ Yoast SEO plugin. -->","yoast_head_json":{"title":"Pol\u00edtica de no discriminaci\u00f3n - Umpqua Health Clinic","robots":{"index":"index","follow":"follow","max-snippet":"max-snippet:-1","max-image-preview":"max-image-preview:large","max-video-preview":"max-video-preview:-1"},"canonical":"https:\/\/www.umpquahealthclinic.com\/es\/acerca-de\/politica-de-no-discriminacion\/","og_locale":"es_ES","og_type":"article","og_title":"Pol\u00edtica de no discriminaci\u00f3n - Umpqua Health Clinic","og_description":"Umpqua Health &#8211; Newton Creek (UHNC) cumple las leyes federales de derechos civiles aplicables y no discrimina por raz\u00f3n de: UHNC no excluye a las personas ni las trata de forma diferente por: Presentar una denuncia en la l\u00ednea directa de cumplimiento: Umpqua Health proh\u00edbe cualquier tipo de represalia contra cualquier persona o entidad que [&hellip;]","og_url":"https:\/\/www.umpquahealthclinic.com\/es\/acerca-de\/politica-de-no-discriminacion\/","og_site_name":"Umpqua Health Clinic","article_publisher":"https:\/\/www.facebook.com\/UmpquaHealth\/","article_modified_time":"2025-10-23T20:03:12+00:00","og_image":[{"url":"https:\/\/www.umpquahealthclinic.com\/wp-content\/uploads\/sites\/3\/2025\/05\/AdobeStock_306736708_r-1536x1025.jpg","type":"","width":"","height":""}],"twitter_card":"summary_large_image","twitter_misc":{"Est. reading time":"1 minute"},"schema":{"@context":"https:\/\/schema.org","@graph":[{"@type":"WebPage","@id":"https:\/\/www.umpquahealthclinic.com\/es\/acerca-de\/politica-de-no-discriminacion\/","url":"https:\/\/www.umpquahealthclinic.com\/es\/acerca-de\/politica-de-no-discriminacion\/","name":"Pol\u00edtica de no discriminaci\u00f3n - Umpqua Health Clinic","isPartOf":{"@id":"https:\/\/www.umpquahealthclinic.com\/es\/#website"},"primaryImageOfPage":{"@id":"https:\/\/www.umpquahealthclinic.com\/es\/acerca-de\/politica-de-no-discriminacion\/#primaryimage"},"image":{"@id":"https:\/\/www.umpquahealthclinic.com\/es\/acerca-de\/politica-de-no-discriminacion\/#primaryimage"},"thumbnailUrl":"https:\/\/www.umpquahealthclinic.com\/wp-content\/uploads\/sites\/3\/2025\/05\/AdobeStock_306736708_r-1536x1025.jpg","datePublished":"2025-09-15T23:30:05+00:00","dateModified":"2025-10-23T20:03:12+00:00","breadcrumb":{"@id":"https:\/\/www.umpquahealthclinic.com\/es\/acerca-de\/politica-de-no-discriminacion\/#breadcrumb"},"inLanguage":"es-ES","potentialAction":[{"@type":"ReadAction","target":["https:\/\/www.umpquahealthclinic.com\/es\/acerca-de\/politica-de-no-discriminacion\/"]}]},{"@type":"ImageObject","inLanguage":"es-ES","@id":"https:\/\/www.umpquahealthclinic.com\/es\/acerca-de\/politica-de-no-discriminacion\/#primaryimage","url":"https:\/\/www.umpquahealthclinic.com\/wp-content\/uploads\/sites\/3\/2025\/05\/AdobeStock_306736708_r-1536x1025.jpg","contentUrl":"https:\/\/www.umpquahealthclinic.com\/wp-content\/uploads\/sites\/3\/2025\/05\/AdobeStock_306736708_r-1536x1025.jpg"},{"@type":"BreadcrumbList","@id":"https:\/\/www.umpquahealthclinic.com\/es\/acerca-de\/politica-de-no-discriminacion\/#breadcrumb","itemListElement":[{"@type":"ListItem","position":1,"name":"Home","item":"https:\/\/www.umpquahealthclinic.com\/es\/"},{"@type":"ListItem","position":2,"name":"Acerca de","item":"https:\/\/www.umpquahealthclinic.com\/es\/acerca-de\/"},{"@type":"ListItem","position":3,"name":"Pol\u00edtica de no discriminaci\u00f3n"}]},{"@type":"WebSite","@id":"https:\/\/www.umpquahealthclinic.com\/es\/#website","url":"https:\/\/www.umpquahealthclinic.com\/es\/","name":"Umpqua Health","description":"","publisher":{"@id":"https:\/\/www.umpquahealthclinic.com\/es\/#organization"},"alternateName":"UHA","potentialAction":[{"@type":"SearchAction","target":{"@type":"EntryPoint","urlTemplate":"https:\/\/www.umpquahealthclinic.com\/es\/?s={search_term_string}"},"query-input":{"@type":"PropertyValueSpecification","valueRequired":true,"valueName":"search_term_string"}}],"inLanguage":"es-ES"},{"@type":"Organization","@id":"https:\/\/www.umpquahealthclinic.com\/es\/#organization","name":"Umpqua Health Alliance","alternateName":"UHA","url":"https:\/\/www.umpquahealthclinic.com\/es\/","logo":{"@type":"ImageObject","inLanguage":"es-ES","@id":"https:\/\/www.umpquahealthclinic.com\/es\/#\/schema\/logo\/image\/","url":"https:\/\/www.umpquahealthclinic.com\/wp-content\/uploads\/sites\/3\/2025\/01\/umpqua-health-logo-color.svg","contentUrl":"https:\/\/www.umpquahealthclinic.com\/wp-content\/uploads\/sites\/3\/2025\/01\/umpqua-health-logo-color.svg","width":200,"height":54,"caption":"Umpqua Health Alliance"},"image":{"@id":"https:\/\/www.umpquahealthclinic.com\/es\/#\/schema\/logo\/image\/"},"sameAs":["https:\/\/www.facebook.com\/UmpquaHealth\/","https:\/\/www.linkedin.com\/company\/umpqua-health\/"]}]}},"_links":{"self":[{"href":"https:\/\/www.umpquahealthclinic.com\/es\/wp-json\/wp\/v2\/pages\/22307","targetHints":{"allow":["GET"]}}],"collection":[{"href":"https:\/\/www.umpquahealthclinic.com\/es\/wp-json\/wp\/v2\/pages"}],"about":[{"href":"https:\/\/www.umpquahealthclinic.com\/es\/wp-json\/wp\/v2\/types\/page"}],"author":[{"embeddable":true,"href":"https:\/\/www.umpquahealthclinic.com\/es\/wp-json\/wp\/v2\/users\/1"}],"replies":[{"embeddable":true,"href":"https:\/\/www.umpquahealthclinic.com\/es\/wp-json\/wp\/v2\/comments?post=22307"}],"version-history":[{"count":6,"href":"https:\/\/www.umpquahealthclinic.com\/es\/wp-json\/wp\/v2\/pages\/22307\/revisions"}],"predecessor-version":[{"id":22607,"href":"https:\/\/www.umpquahealthclinic.com\/es\/wp-json\/wp\/v2\/pages\/22307\/revisions\/22607"}],"up":[{"embeddable":true,"href":"https:\/\/www.umpquahealthclinic.com\/es\/wp-json\/wp\/v2\/pages\/22299"}],"wp:attachment":[{"href":"https:\/\/www.umpquahealthclinic.com\/es\/wp-json\/wp\/v2\/media?parent=22307"}],"curies":[{"name":"wp","href":"https:\/\/api.w.org\/{rel}","templated":true}]}}